{"id":24,"date":"2025-06-06T18:47:18","date_gmt":"2025-06-06T16:47:18","guid":{"rendered":"https:\/\/wecheartresidency.ovh\/www\/?page_id=24"},"modified":"2026-03-11T21:42:50","modified_gmt":"2026-03-12T00:42:50","slug":"une-section-de-page-daccueil","status":"publish","type":"page","link":"https:\/\/wecheartresidency.ovh\/es\/","title":{"rendered":"Bienvenido a We-Che, tu refugio creativo en la Patagonia"},"content":{"rendered":"<p class=\"wp-block-paragraph\">WE-CHE era el nombre original de este lugar; significa \u00abjoven\u00bb en lengua Mapuche.<br>Decidimos conservarlo y hacerlo nuestro. Luego, iniciamos la transformaci\u00f3n de este lugar en una residencia art\u00edstica y, de alguna manera, este nombre refleja una parte esencial de nuestra motivaci\u00f3n: brindar a los artistas un espacio para descansar y rejuvenecer.<br><br>We-Che Art Residency es un proyecto dirigido por artistas, fundado por el d\u00fao art\u00edstico Raom&amp;Loba. En l\u00ednea con nuestra experiencia y nuestra propia visi\u00f3n del mundo, deseamos humildemente ofrecer a otros lo que hemos recibido de nuestros pares en diferentes momentos de nuestras carreras art\u00edsticas: un lugar inspirador, un espacio de trabajo c\u00e1lido y tranquilo, propicio para intercambios constructivos con artistas de todo el mundo...<\/p>\n\n\n\n<p class=\"wp-block-paragraph\">Nuestro proyecto es joven y seguir\u00e1 creciendo contigo...<\/p>","protected":false},"excerpt":{"rendered":"<p>WE-CHE was the existing name of this place, it means &#8220;young&#8221; in Mapuche language.We decided to keep it and make it our&#8217;s. Then we started the metamorphosis of this place in an artist residency and in some way this name reflects an essential part of our motivation: give artist a place to rest and rejuvenate. &hellip; <\/p>\n<p class=\"link-more\"><a href=\"https:\/\/wecheartresidency.ovh\/es\/\" class=\"more-link\">Segu\u00ed leyendo<span class=\"screen-reader-text\"> &#8220;Welcome to We-Che, your creative retreat in Patagonia&#8221;<\/span><\/a><\/p>","protected":false},"author":1,"featured_media":86,"parent":0,"menu_order":0,"comment_status":"closed","ping_status":"closed","template":"","meta":{"_crdt_document":"","footnotes":""},"class_list":["post-24","page","type-page","status-publish","has-post-thumbnail","hentry"],"aioseo_notices":[],"_links":{"self":[{"href":"https:\/\/wecheartresidency.ovh\/es\/wp-json\/wp\/v2\/pages\/24","targetHints":{"allow":["GET"]}}],"collection":[{"href":"https:\/\/wecheartresidency.ovh\/es\/wp-json\/wp\/v2\/pages"}],"about":[{"href":"https:\/\/wecheartresidency.ovh\/es\/wp-json\/wp\/v2\/types\/page"}],"author":[{"embeddable":true,"href":"https:\/\/wecheartresidency.ovh\/es\/wp-json\/wp\/v2\/users\/1"}],"replies":[{"embeddable":true,"href":"https:\/\/wecheartresidency.ovh\/es\/wp-json\/wp\/v2\/comments?post=24"}],"version-history":[{"count":0,"href":"https:\/\/wecheartresidency.ovh\/es\/wp-json\/wp\/v2\/pages\/24\/revisions"}],"wp:featuredmedia":[{"embeddable":true,"href":"https:\/\/wecheartresidency.ovh\/es\/wp-json\/wp\/v2\/media\/86"}],"wp:attachment":[{"href":"https:\/\/wecheartresidency.ovh\/es\/wp-json\/wp\/v2\/media?parent=24"}],"curies":[{"name":"wp","href":"https:\/\/api.w.org\/{rel}","templated":true}]}}