{"id":63,"date":"2025-06-07T17:46:08","date_gmt":"2025-06-07T20:46:08","guid":{"rendered":"https:\/\/wecheartresidency.ovh\/www\/?page_id=63"},"modified":"2026-03-01T18:45:57","modified_gmt":"2026-03-01T21:45:57","slug":"faq","status":"publish","type":"page","link":"https:\/\/wecheartresidency.ovh\/es\/faq\/","title":{"rendered":"FAQ \u2013 Cosas que necesitas saber antes"},"content":{"rendered":"<div class=\"wp-block-faq-block-for-gutenberg-faq\" style=\"background:#f6f7f7\"><div class=\"question\" style=\"background:#f8f8f8;color:#070000\"><h4 style=\"color:#070000\">\u00bfHay herramientas y materiales?<\/h4><\/div><div class=\"answer\" style=\"background:none;color:#000\">En We-Che contamos con un fondo de emergencia con materiales y herramientas b\u00e1sicas de arte que todos pueden usar (y reemplazar), sin garant\u00eda de calidad ni cantidad. No podemos tener todo para todos. Recomendamos traer todos los art\u00edculos espec\u00edficos o esenciales. Para art\u00edculos m\u00e1s comunes, pueden enviarnos una lista y les ayudaremos a encontrarlos localmente o pedirlos en Buenos Aires y enviarlos a We-Che. Al salir, pueden donar los materiales de arte que no traigan de vuelta para contribuir al fondo de emergencia y diversificarlo.<\/div><\/div>\n\n\n\n<div class=\"wp-block-faq-block-for-gutenberg-faq\" style=\"background:#f6f7f7\"><div class=\"question\" style=\"background:none;color:#070000\"><h4 style=\"color:#070000\">\u00bfC\u00f3mo es el cocinero?<\/h4><\/div><div class=\"answer\" style=\"background:none;color:#000\">\u00a1Creativo y cosmopolita, porque t\u00fa cocinar\u00e1s! Se espera que los artistas sean autonomos y organizados al preparar su propio desayuno, almuerzo y cena, ya sea individual o colectivamente, y al limpiar la cocina y las \u00e1reas comunes despu\u00e9s de usarlas. Para inspirarse, la biblioteca ofrece una selecci\u00f3n de libros de cocina que pueden ser \u00fatiles. Opcionalmente, consultando con los demas residentes del grupo, podemos preparar una deliciosa comida (elegir almuerzo o cena) cada d\u00eda. Se aplicar\u00e1 una tarifa adicional de $250 al mes por residente.<\/div><\/div>\n\n\n\n<div class=\"wp-block-faq-block-for-gutenberg-faq\" style=\"background:#f6f7f7\"><div class=\"question\" style=\"background:none;color:#070000\"><h4 style=\"color:#070000\">\u00bfC\u00f3mo est\u00e1 el clima?<\/h4><\/div><div class=\"answer\" style=\"background:none;color:#000\">El clima de la Patagonia es cambiante y, a veces, extremo. Al pie de los Andes, puede cambiar abruptamente (heladas en verano, fuertes vientos, lluvias repentinas). Ventoso, soleado, lluvioso, con niebla, polvo\u2026 \u00a1a veces todo en un mismo d\u00eda!<br><br>Estamos en la parte Sur del planeta y We-Che es la residencia de arte m\u00e1s Austral de Argentina (y del mundo?). Por lo tanto, mediados de diciembre, enero y febrero se consideran generalmente los meses de verano austral (temperaturas c\u00e1lidas, un clima muy seco y algo ventoso). Los meses de mediados de marzo a mediados de junio corresponden al oto\u00f1o (colores hermosos, clima bastante agradable), junio, julio y agosto son los meses del invierno austral (d\u00edas cortos, fr\u00edo, nieve y\/o mucha lluvia), y los de mediados de octubre a mediados de diciembre corresponden a la primavera (clima agradable, ventoso, con nieve espor\u00e1dica).<br>Para residencias creativas y de producci\u00f3n, para aprovechar los espacios al aire libre, los espacios naturales circundantes y la naturaleza, recomendamos idealmente elegir el per\u00edodo entre finales de octubre y mayo.<\/div><\/div>\n\n\n\n<hr class=\"wp-block-separator has-alpha-channel-opacity\"\/>\n\n\n\n<div class=\"wp-block-faq-block-for-gutenberg-faq\" style=\"background:#f6f7f7\"><div class=\"question\" style=\"background:none;color:#000\"><h4 style=\"color:#000\">\u00bfPuedo llevar a mi pareja?<\/h4><\/div><div class=\"answer\" style=\"background:none;color:#000\">Si bien se da prioridad a artistas y escritores, podemos alojar a tu pareja si comparten cama. Bajo ninguna circunstancia podr\u00e1n monopolizar los espacios de trabajo reservados para artistas. Se aplicar\u00e1 un suplemento equivalente a la mitad del coste de una residencia art\u00edstica para cubrir los gastos generales de funcionamiento. Esto siempre est\u00e1 sujeto a disponibilidad.<\/div><\/div>\n\n\n\n<hr class=\"wp-block-separator has-alpha-channel-opacity\"\/>\n\n\n\n<div class=\"wp-block-faq-block-for-gutenberg-faq\" style=\"background:#f6f7f7\"><div class=\"question\" style=\"background:none;color:#000\"><h4 style=\"color:#000\">\u00bfPuedo llevar a mi familia?<\/h4><\/div><div class=\"answer\" style=\"background:none;color:#000\">No. En primer lugar, nuestros espacios no est\u00e1n dise\u00f1ados para la seguridad infantil y preferimos evitar cualquier incidente. Adem\u00e1s, sabemos que una residencia siempre se hace corta, y necesitar\u00e1s aprovechar cada momento para tu proyecto, para reflexionar, para meditar (y otros artistas tambi\u00e9n necesitar\u00e1n esta tranquilidad). Por eso, la residencia art\u00edstica de We-Che es exclusivamente para artistas, para que puedan centrarse en su arte y, al mismo tiempo, tener la libertad de compartir este tiempo especial con otros artistas. Si viajas con tu familia, puedes buscar otro alojamiento cerca de We-Che y acompa\u00f1arlos a cenar en la ciudad o a una excursi\u00f3n.<\/div><\/div>\n\n\n\n<hr class=\"wp-block-separator has-alpha-channel-opacity\"\/>\n\n\n\n<div class=\"wp-block-faq-block-for-gutenberg-faq\" style=\"background:#f6f7f7\"><div class=\"question\" style=\"background:none;color:#000\"><h4 style=\"color:#000\">\u00bfPuedo traer a mi mascota?<\/h4><\/div><div class=\"answer\" style=\"background:none;color:#000\">Hemos decidido no aceptar residentes con sus mascotas, ya que nuestro objetivo es que We-che siga siendo un lugar seguro y tranquilo donde todos puedan concentrarse en su prop\u00f3sito art\u00edstico. Consideramos que cada persona tiene un nivel de comodidad diferente con los animales y\/o alguna enfermedad o alergia que deba tratar, por lo que preferimos solo residentes humanos.<\/div><\/div>\n\n\n\n<hr class=\"wp-block-separator has-alpha-channel-opacity\"\/>\n\n\n\n<div class=\"wp-block-faq-block-for-gutenberg-faq\" style=\"background:#f6f7f7\"><div class=\"question\" style=\"background:none;color:#000\"><h4 style=\"color:#000\">\u00bfPuedo divertirme?<\/h4><\/div><div class=\"answer\" style=\"background:none;color:#000\">S\u00ed y no\u2026 depende del tipo de diversi\u00f3n y entretenimiento del que hables, y tambi\u00e9n del sentido del humor y el estado de \u00e1nimo de los dem\u00e1s  residentes. <br>En cualquier caso, en We-Che est\u00e1 prohibido recibir visitas, organizar fiestas, tocar m\u00fasica toda la noche, fumar (tabaco o cualquier otro tipo de tabaco), encender fuego, jugar al f\u00fatbol en el jard\u00edn, trepar a los \u00e1rboles y no hay televisi\u00f3n.<\/div><\/div>","protected":false},"excerpt":{"rendered":"","protected":false},"author":1,"featured_media":0,"parent":0,"menu_order":0,"comment_status":"closed","ping_status":"closed","template":"","meta":{"_crdt_document":"","footnotes":""},"class_list":["post-63","page","type-page","status-publish","hentry"],"aioseo_notices":[],"_links":{"self":[{"href":"https:\/\/wecheartresidency.ovh\/es\/wp-json\/wp\/v2\/pages\/63","targetHints":{"allow":["GET"]}}],"collection":[{"href":"https:\/\/wecheartresidency.ovh\/es\/wp-json\/wp\/v2\/pages"}],"about":[{"href":"https:\/\/wecheartresidency.ovh\/es\/wp-json\/wp\/v2\/types\/page"}],"author":[{"embeddable":true,"href":"https:\/\/wecheartresidency.ovh\/es\/wp-json\/wp\/v2\/users\/1"}],"replies":[{"embeddable":true,"href":"https:\/\/wecheartresidency.ovh\/es\/wp-json\/wp\/v2\/comments?post=63"}],"version-history":[{"count":0,"href":"https:\/\/wecheartresidency.ovh\/es\/wp-json\/wp\/v2\/pages\/63\/revisions"}],"wp:attachment":[{"href":"https:\/\/wecheartresidency.ovh\/es\/wp-json\/wp\/v2\/media?parent=63"}],"curies":[{"name":"wp","href":"https:\/\/api.w.org\/{rel}","templated":true}]}}